{"id":393,"date":"2024-05-23T22:29:36","date_gmt":"2024-05-23T22:29:36","guid":{"rendered":"http:\/\/corporativoacr.com\/?page_id=393"},"modified":"2024-09-18T16:57:24","modified_gmt":"2024-09-18T16:57:24","slug":"linea-de-denuncia","status":"publish","type":"page","link":"https:\/\/corporativoacr.com\/en\/linea-de-denuncia\/","title":{"rendered":"Complaint Line"},"content":{"rendered":"<div data-elementor-type=\"wp-page\" data-elementor-id=\"393\" class=\"elementor elementor-393\" data-elementor-post-type=\"page\">\n\t\t\t\t<div class=\"elementor-element elementor-element-6f66942 e-flex e-con-boxed e-con e-parent\" data-id=\"6f66942\" data-element_type=\"container\" data-settings=\"{&quot;background_background&quot;:&quot;classic&quot;}\">\n\t\t\t\t\t<div class=\"e-con-inner\">\n\t\t\t\t<div class=\"elementor-element elementor-element-4db5861 elementor-widget elementor-widget-heading\" data-id=\"4db5861\" data-element_type=\"widget\" data-widget_type=\"heading.default\">\n\t\t\t\t<div class=\"elementor-widget-container\">\n\t\t\t<h2 class=\"elementor-heading-title elementor-size-default\">Complaint Line<\/h2>\t\t<\/div>\n\t\t\t\t<\/div>\n\t\t\t\t\t<\/div>\n\t\t\t\t<\/div>\n\t\t<div class=\"elementor-element elementor-element-d20a966 e-flex e-con-boxed e-con e-parent\" data-id=\"d20a966\" data-element_type=\"container\">\n\t\t\t\t\t<div class=\"e-con-inner\">\n\t\t<div class=\"elementor-element elementor-element-ff20966 e-flex e-con-boxed e-con e-child\" data-id=\"ff20966\" data-element_type=\"container\">\n\t\t\t\t\t<div class=\"e-con-inner\">\n\t\t<div class=\"elementor-element elementor-element-aba78b3 e-con-full e-flex e-con e-child\" data-id=\"aba78b3\" data-element_type=\"container\" data-settings=\"{&quot;background_background&quot;:&quot;classic&quot;}\">\n\t\t\t\t<div class=\"elementor-element elementor-element-c5ac224 elementor-widget elementor-widget-heading\" data-id=\"c5ac224\" data-element_type=\"widget\" data-widget_type=\"heading.default\">\n\t\t\t\t<div class=\"elementor-widget-container\">\n\t\t\t<h3 class=\"elementor-heading-title elementor-size-default\">Anonymous message.<\/h3>\t\t<\/div>\n\t\t\t\t<\/div>\n\t\t\t\t<div class=\"elementor-element elementor-element-25c963c elementor-widget__width-inherit elementor-widget elementor-widget-text-editor\" data-id=\"25c963c\" data-element_type=\"widget\" data-widget_type=\"text-editor.default\">\n\t\t\t\t<div class=\"elementor-widget-container\">\n\t\t\t\t\t\t\t<p>Please utilize our reporting hotline to report any fraudulent activity, theft incidents, inappropriate conduct, etc., involving Corporate ACR, its affiliates, subsidiaries, and employees.<\/p><p>Your report is confidential and will be treated with the utmost seriousness.<\/p>\t\t\t\t\t\t<\/div>\n\t\t\t\t<\/div>\n\t\t\t\t<div class=\"elementor-element elementor-element-1a98fad elementor-button-align-stretch elementor-widget elementor-widget-form\" data-id=\"1a98fad\" data-element_type=\"widget\" data-settings=\"{&quot;step_next_label&quot;:&quot;Siguiente&quot;,&quot;step_previous_label&quot;:&quot;Anterior&quot;,&quot;button_width&quot;:&quot;100&quot;,&quot;step_type&quot;:&quot;number_text&quot;,&quot;step_icon_shape&quot;:&quot;circle&quot;}\" data-widget_type=\"form.default\">\n\t\t\t\t<div class=\"elementor-widget-container\">\n\t\t\t\t\t<form class=\"elementor-form\" method=\"post\" name=\"Nuevo formulario\" action=\"\">\n\t\t\t<input type=\"hidden\" name=\"post_id\" value=\"393\"\/>\n\t\t\t<input type=\"hidden\" name=\"form_id\" value=\"1a98fad\"\/>\n\t\t\t<input type=\"hidden\" name=\"referer_title\" value=\"Corporativo ACR\" \/>\n\n\t\t\t\n\t\t\t<div class=\"elementor-form-fields-wrapper elementor-labels-\">\n\t\t\t\t\t\t\t\t<div class=\"elementor-field-type-email elementor-field-group elementor-column elementor-field-group-field_3a30888 elementor-col-100\">\n\t\t\t\t\t\t\t\t\t\t\t\t<label for=\"form-field-field_3a30888\" class=\"elementor-field-label elementor-screen-only\">\n\t\t\t\t\t\t\t\tCorreo\t\t\t\t\t\t\t<\/label>\n\t\t\t\t\t\t\t\t\t\t\t\t\t\t<input size=\"1\" type=\"email\" name=\"form_fields[field_3a30888]\" id=\"form-field-field_3a30888\" class=\"elementor-field elementor-size-sm  elementor-field-textual\" placeholder=\"Contact email\">\n\t\t\t\t\t\t\t\t\t\t\t<\/div>\n\t\t\t\t\t\t\t\t<div class=\"elementor-field-type-textarea elementor-field-group elementor-column elementor-field-group-message elementor-col-100 elementor-field-required\">\n\t\t\t\t\t\t\t\t\t\t\t\t<label for=\"form-field-message\" class=\"elementor-field-label elementor-screen-only\">\n\t\t\t\t\t\t\t\tMessage\t\t\t\t\t\t\t<\/label>\n\t\t\t\t\t\t<textarea class=\"elementor-field-textual elementor-field  elementor-size-sm\" name=\"form_fields[message]\" id=\"form-field-message\" rows=\"10\" placeholder=\"Message\" required=\"required\" aria-required=\"true\"><\/textarea>\t\t\t\t<\/div>\n\t\t\t\t\t\t\t\t<div class=\"elementor-field-type-text\">\n\t\t\t\t\t<input size=\"1\" type=\"text\" name=\"form_fields[field_a476d00]\" id=\"form-field-field_a476d00\" class=\"elementor-field elementor-size-sm\" style=\"display:none !important;\">\t\t\t\t<\/div>\n\t\t\t\t\t\t\t\t<div class=\"elementor-field-type-recaptcha_v3 elementor-field-group elementor-column elementor-field-group-field_6983212 elementor-col-100 recaptcha_v3-bottomright\">\n\t\t\t\t\t<div class=\"elementor-field\" id=\"form-field-field_6983212\"><div class=\"elementor-g-recaptcha\" data-sitekey=\"6LeGXUgqAAAAAFk_cA-FV4uZ-_hHzKHiOu0ZsBRw\" data-type=\"v3\" data-action=\"Form\" data-badge=\"bottomright\" data-size=\"invisible\"><\/div><\/div>\t\t\t\t<\/div>\n\t\t\t\t\t\t\t\t<div class=\"elementor-field-group elementor-column elementor-field-type-submit elementor-col-100 e-form__buttons\">\n\t\t\t\t\t<button class=\"elementor-button elementor-size-sm\" type=\"submit\">\n\t\t\t\t\t\t<span class=\"elementor-button-content-wrapper\">\n\t\t\t\t\t\t\t\t\t\t\t\t\t\t\t\t\t\t\t\t\t\t<span class=\"elementor-button-text\">Send<\/span>\n\t\t\t\t\t\t\t\t\t\t\t\t\t<\/span>\n\t\t\t\t\t<\/button>\n\t\t\t\t<\/div>\n\t\t\t<\/div>\n\t\t<input type=\"hidden\" name=\"trp-form-language\" value=\"en\"\/><\/form>\n\t\t\t\t<\/div>\n\t\t\t\t<\/div>\n\t\t\t\t<\/div>\n\t\t\t\t\t<\/div>\n\t\t\t\t<\/div>\n\t\t\t\t\t<\/div>\n\t\t\t\t<\/div>\n\t\t\t\t<\/div>","protected":false},"excerpt":{"rendered":"<p>L\u00ednea de Denuncia Mensaje an\u00f3nimo. Utiliza nuestra l\u00ednea de denuncia para reportar cualquier actividad fraudulenta, incidente de robo, conducta inapropiada, etc por parte de Corporativo ACR, sus filiales, subsidiarias as\u00ed como sus colaboradores. Tu reporte es confidencial y ser\u00e1 tratado con la m\u00e1xima seriedad.<\/p>","protected":false},"author":1,"featured_media":0,"parent":0,"menu_order":0,"comment_status":"closed","ping_status":"closed","template":"elementor_header_footer","meta":{"footnotes":""},"class_list":["post-393","page","type-page","status-publish","hentry"],"yoast_head":"<!-- This site is optimized with the Yoast SEO plugin v23.4 - https:\/\/yoast.com\/wordpress\/plugins\/seo\/ -->\n<title>L\u00ednea de Denuncia - Corporativo ACR<\/title>\n<meta name=\"robots\" content=\"index, follow, max-snippet:-1, max-image-preview:large, max-video-preview:-1\" \/>\n<link rel=\"canonical\" href=\"https:\/\/corporativoacr.com\/en\/linea-de-denuncia\/\" \/>\n<meta property=\"og:locale\" content=\"en_US\" \/>\n<meta property=\"og:type\" content=\"article\" \/>\n<meta property=\"og:title\" content=\"L\u00ednea de Denuncia - Corporativo ACR\" \/>\n<meta property=\"og:description\" content=\"L\u00ednea de Denuncia Mensaje an\u00f3nimo. Utiliza nuestra l\u00ednea de denuncia para reportar cualquier actividad fraudulenta, incidente de robo, conducta inapropiada, etc por parte de Corporativo ACR, sus filiales, subsidiarias as\u00ed como sus colaboradores. Tu reporte es confidencial y ser\u00e1 tratado con la m\u00e1xima seriedad.\" \/>\n<meta property=\"og:url\" content=\"https:\/\/corporativoacr.com\/en\/linea-de-denuncia\/\" \/>\n<meta property=\"og:site_name\" content=\"Corporativo ACR\" \/>\n<meta property=\"article:modified_time\" content=\"2024-09-18T16:57:24+00:00\" \/>\n<meta property=\"og:image\" content=\"https:\/\/corporativoacr.com\/wp-content\/uploads\/2024\/05\/LOGO-ACR.png\" \/>\n\t<meta property=\"og:image:width\" content=\"484\" \/>\n\t<meta property=\"og:image:height\" content=\"314\" \/>\n\t<meta property=\"og:image:type\" content=\"image\/png\" \/>\n<meta name=\"twitter:card\" content=\"summary_large_image\" \/>\n<script type=\"application\/ld+json\" class=\"yoast-schema-graph\">{\"@context\":\"https:\/\/schema.org\",\"@graph\":[{\"@type\":\"WebPage\",\"@id\":\"https:\/\/corporativoacr.com\/linea-de-denuncia\/\",\"url\":\"https:\/\/corporativoacr.com\/linea-de-denuncia\/\",\"name\":\"L\u00ednea de Denuncia - Corporativo ACR\",\"isPartOf\":{\"@id\":\"https:\/\/corporativoacr.com\/#website\"},\"datePublished\":\"2024-05-23T22:29:36+00:00\",\"dateModified\":\"2024-09-18T16:57:24+00:00\",\"breadcrumb\":{\"@id\":\"https:\/\/corporativoacr.com\/linea-de-denuncia\/#breadcrumb\"},\"inLanguage\":\"en-US\",\"potentialAction\":[{\"@type\":\"ReadAction\",\"target\":[\"https:\/\/corporativoacr.com\/linea-de-denuncia\/\"]}]},{\"@type\":\"BreadcrumbList\",\"@id\":\"https:\/\/corporativoacr.com\/linea-de-denuncia\/#breadcrumb\",\"itemListElement\":[{\"@type\":\"ListItem\",\"position\":1,\"name\":\"Portada\",\"item\":\"https:\/\/corporativoacr.com\/\"},{\"@type\":\"ListItem\",\"position\":2,\"name\":\"L\u00ednea de Denuncia\"}]},{\"@type\":\"WebSite\",\"@id\":\"https:\/\/corporativoacr.com\/#website\",\"url\":\"https:\/\/corporativoacr.com\/\",\"name\":\"Corporativo ACR\",\"description\":\"\",\"publisher\":{\"@id\":\"https:\/\/corporativoacr.com\/#organization\"},\"potentialAction\":[{\"@type\":\"SearchAction\",\"target\":{\"@type\":\"EntryPoint\",\"urlTemplate\":\"https:\/\/corporativoacr.com\/?s={search_term_string}\"},\"query-input\":{\"@type\":\"PropertyValueSpecification\",\"valueRequired\":true,\"valueName\":\"search_term_string\"}}],\"inLanguage\":\"en-US\"},{\"@type\":\"Organization\",\"@id\":\"https:\/\/corporativoacr.com\/#organization\",\"name\":\"Corporativo ACR\",\"url\":\"https:\/\/corporativoacr.com\/\",\"logo\":{\"@type\":\"ImageObject\",\"inLanguage\":\"en-US\",\"@id\":\"https:\/\/corporativoacr.com\/#\/schema\/logo\/image\/\",\"url\":\"https:\/\/corporativoacr.com\/wp-content\/uploads\/2024\/05\/A_ACR.png\",\"contentUrl\":\"https:\/\/corporativoacr.com\/wp-content\/uploads\/2024\/05\/A_ACR.png\",\"width\":284,\"height\":284,\"caption\":\"Corporativo ACR\"},\"image\":{\"@id\":\"https:\/\/corporativoacr.com\/#\/schema\/logo\/image\/\"}}]}<\/script>\n<!-- \/ Yoast SEO plugin. -->","yoast_head_json":{"title":"L\u00ednea de Denuncia - Corporativo ACR","robots":{"index":"index","follow":"follow","max-snippet":"max-snippet:-1","max-image-preview":"max-image-preview:large","max-video-preview":"max-video-preview:-1"},"canonical":"https:\/\/corporativoacr.com\/en\/linea-de-denuncia\/","og_locale":"en_US","og_type":"article","og_title":"L\u00ednea de Denuncia - Corporativo ACR","og_description":"L\u00ednea de Denuncia Mensaje an\u00f3nimo. Utiliza nuestra l\u00ednea de denuncia para reportar cualquier actividad fraudulenta, incidente de robo, conducta inapropiada, etc por parte de Corporativo ACR, sus filiales, subsidiarias as\u00ed como sus colaboradores. Tu reporte es confidencial y ser\u00e1 tratado con la m\u00e1xima seriedad.","og_url":"https:\/\/corporativoacr.com\/en\/linea-de-denuncia\/","og_site_name":"Corporativo ACR","article_modified_time":"2024-09-18T16:57:24+00:00","og_image":[{"width":484,"height":314,"url":"https:\/\/corporativoacr.com\/wp-content\/uploads\/2024\/05\/LOGO-ACR.png","type":"image\/png"}],"twitter_card":"summary_large_image","schema":{"@context":"https:\/\/schema.org","@graph":[{"@type":"WebPage","@id":"https:\/\/corporativoacr.com\/linea-de-denuncia\/","url":"https:\/\/corporativoacr.com\/linea-de-denuncia\/","name":"L\u00ednea de Denuncia - Corporativo ACR","isPartOf":{"@id":"https:\/\/corporativoacr.com\/#website"},"datePublished":"2024-05-23T22:29:36+00:00","dateModified":"2024-09-18T16:57:24+00:00","breadcrumb":{"@id":"https:\/\/corporativoacr.com\/linea-de-denuncia\/#breadcrumb"},"inLanguage":"en-US","potentialAction":[{"@type":"ReadAction","target":["https:\/\/corporativoacr.com\/linea-de-denuncia\/"]}]},{"@type":"BreadcrumbList","@id":"https:\/\/corporativoacr.com\/linea-de-denuncia\/#breadcrumb","itemListElement":[{"@type":"ListItem","position":1,"name":"Portada","item":"https:\/\/corporativoacr.com\/"},{"@type":"ListItem","position":2,"name":"L\u00ednea de Denuncia"}]},{"@type":"WebSite","@id":"https:\/\/corporativoacr.com\/#website","url":"https:\/\/corporativoacr.com\/","name":"Corporativo ACR","description":"","publisher":{"@id":"https:\/\/corporativoacr.com\/#organization"},"potentialAction":[{"@type":"SearchAction","target":{"@type":"EntryPoint","urlTemplate":"https:\/\/corporativoacr.com\/?s={search_term_string}"},"query-input":{"@type":"PropertyValueSpecification","valueRequired":true,"valueName":"search_term_string"}}],"inLanguage":"en-US"},{"@type":"Organization","@id":"https:\/\/corporativoacr.com\/#organization","name":"Corporativo ACR","url":"https:\/\/corporativoacr.com\/","logo":{"@type":"ImageObject","inLanguage":"en-US","@id":"https:\/\/corporativoacr.com\/#\/schema\/logo\/image\/","url":"https:\/\/corporativoacr.com\/wp-content\/uploads\/2024\/05\/A_ACR.png","contentUrl":"https:\/\/corporativoacr.com\/wp-content\/uploads\/2024\/05\/A_ACR.png","width":284,"height":284,"caption":"Corporativo ACR"},"image":{"@id":"https:\/\/corporativoacr.com\/#\/schema\/logo\/image\/"}}]}},"_links":{"self":[{"href":"https:\/\/corporativoacr.com\/en\/wp-json\/wp\/v2\/pages\/393"}],"collection":[{"href":"https:\/\/corporativoacr.com\/en\/wp-json\/wp\/v2\/pages"}],"about":[{"href":"https:\/\/corporativoacr.com\/en\/wp-json\/wp\/v2\/types\/page"}],"author":[{"embeddable":true,"href":"https:\/\/corporativoacr.com\/en\/wp-json\/wp\/v2\/users\/1"}],"replies":[{"embeddable":true,"href":"https:\/\/corporativoacr.com\/en\/wp-json\/wp\/v2\/comments?post=393"}],"version-history":[{"count":46,"href":"https:\/\/corporativoacr.com\/en\/wp-json\/wp\/v2\/pages\/393\/revisions"}],"predecessor-version":[{"id":837,"href":"https:\/\/corporativoacr.com\/en\/wp-json\/wp\/v2\/pages\/393\/revisions\/837"}],"wp:attachment":[{"href":"https:\/\/corporativoacr.com\/en\/wp-json\/wp\/v2\/media?parent=393"}],"curies":[{"name":"wp","href":"https:\/\/api.w.org\/{rel}","templated":true}]}}